{"id":37,"date":"2022-01-10T12:00:48","date_gmt":"2022-01-10T11:00:48","guid":{"rendered":"https:\/\/www.lavedetterestaurant.com\/?page_id=37"},"modified":"2025-10-14T13:58:43","modified_gmt":"2025-10-14T11:58:43","slug":"nosotros","status":"publish","type":"page","link":"https:\/\/www.lavedettefranquicia.com\/ca\/nosotros\/","title":{"rendered":"nosaltres"},"content":{"rendered":"<div data-elementor-type=\"wp-page\" data-elementor-id=\"37\" class=\"elementor elementor-37\" data-elementor-post-type=\"page\">\n\t\t\t\t\t\t<section class=\"elementor-section elementor-top-section elementor-element elementor-element-7d841dc elementor-section-boxed elementor-section-height-default elementor-section-height-default\" data-id=\"7d841dc\" data-element_type=\"section\" data-settings=\"{&quot;background_background&quot;:&quot;classic&quot;}\">\n\t\t\t\t\t\t<div class=\"elementor-container elementor-column-gap-default\">\n\t\t\t\t\t<div class=\"elementor-column elementor-col-100 elementor-top-column elementor-element elementor-element-89fbaa8\" data-id=\"89fbaa8\" data-element_type=\"column\">\n\t\t\t<div class=\"elementor-widget-wrap elementor-element-populated\">\n\t\t\t\t\t\t<div class=\"elementor-element elementor-element-f4c9c04 elementor-widget elementor-widget-spacer\" data-id=\"f4c9c04\" data-element_type=\"widget\" data-widget_type=\"spacer.default\">\n\t\t\t\t<div class=\"elementor-widget-container\">\n\t\t\t\t\t\t\t<div class=\"elementor-spacer\">\n\t\t\t<div class=\"elementor-spacer-inner\"><\/div>\n\t\t<\/div>\n\t\t\t\t\t\t<\/div>\n\t\t\t\t<\/div>\n\t\t\t\t<div class=\"elementor-element elementor-element-752495d elementor-widget elementor-widget-spacer\" data-id=\"752495d\" data-element_type=\"widget\" data-widget_type=\"spacer.default\">\n\t\t\t\t<div class=\"elementor-widget-container\">\n\t\t\t\t\t\t\t<div class=\"elementor-spacer\">\n\t\t\t<div class=\"elementor-spacer-inner\"><\/div>\n\t\t<\/div>\n\t\t\t\t\t\t<\/div>\n\t\t\t\t<\/div>\n\t\t\t\t\t<\/div>\n\t\t<\/div>\n\t\t\t\t\t<\/div>\n\t\t<\/section>\n\t\t\t\t<section class=\"elementor-section elementor-top-section elementor-element elementor-element-31212478 elementor-section-full_width elementor-section-height-default elementor-section-height-default\" data-id=\"31212478\" data-element_type=\"section\">\n\t\t\t\t\t\t<div class=\"elementor-container elementor-column-gap-default\">\n\t\t\t\t\t<div class=\"elementor-column elementor-col-100 elementor-top-column elementor-element elementor-element-29968f24\" data-id=\"29968f24\" data-element_type=\"column\">\n\t\t\t<div class=\"elementor-widget-wrap elementor-element-populated\">\n\t\t\t\t\t\t<div class=\"elementor-element elementor-element-75be36a2 elementor-invisible elementor-widget elementor-widget-heading\" data-id=\"75be36a2\" data-element_type=\"widget\" data-settings=\"{&quot;_animation&quot;:&quot;zoomIn&quot;}\" data-widget_type=\"heading.default\">\n\t\t\t\t<div class=\"elementor-widget-container\">\n\t\t\t\t\t<h2 class=\"elementor-heading-title elementor-size-default\">RESTAURANT CR\u00caPERIE BRETONNE<\/h2>\t\t\t\t<\/div>\n\t\t\t\t<\/div>\n\t\t\t\t\t<\/div>\n\t\t<\/div>\n\t\t\t\t\t<\/div>\n\t\t<\/section>\n\t\t\t\t<section class=\"elementor-section elementor-top-section elementor-element elementor-element-1708c13a elementor-reverse-mobile elementor-section-boxed elementor-section-height-default elementor-section-height-default\" data-id=\"1708c13a\" data-element_type=\"section\">\n\t\t\t\t\t\t<div class=\"elementor-container elementor-column-gap-default\">\n\t\t\t\t\t<div class=\"elementor-column elementor-col-50 elementor-top-column elementor-element elementor-element-571b751a\" data-id=\"571b751a\" data-element_type=\"column\">\n\t\t\t<div class=\"elementor-widget-wrap elementor-element-populated\">\n\t\t\t\t\t\t<div class=\"elementor-element elementor-element-64cef89c elementor-invisible elementor-widget elementor-widget-text-editor\" data-id=\"64cef89c\" data-element_type=\"widget\" data-settings=\"{&quot;_animation&quot;:&quot;fadeInUp&quot;}\" data-widget_type=\"text-editor.default\">\n\t\t\t\t<div class=\"elementor-widget-container\">\n\t\t\t\t\t\t\t\t\t<p>EL NOSTRE RESTAURANT<\/p>\t\t\t\t\t\t\t\t<\/div>\n\t\t\t\t<\/div>\n\t\t\t\t<div class=\"elementor-element elementor-element-3ebf8f71 elementor-invisible elementor-widget elementor-widget-text-editor\" data-id=\"3ebf8f71\" data-element_type=\"widget\" data-settings=\"{&quot;_animation&quot;:&quot;fadeInUp&quot;,&quot;_animation_delay&quot;:400}\" data-widget_type=\"text-editor.default\">\n\t\t\t\t<div class=\"elementor-widget-container\">\n\t\t\t\t\t\t\t\t\t<p>LA VEDETTE<\/p>\t\t\t\t\t\t\t\t<\/div>\n\t\t\t\t<\/div>\n\t\t\t\t<div class=\"elementor-element elementor-element-6b93c8cb elementor-invisible elementor-widget elementor-widget-text-editor\" data-id=\"6b93c8cb\" data-element_type=\"widget\" data-settings=\"{&quot;_animation&quot;:&quot;fadeIn&quot;}\" data-widget_type=\"text-editor.default\">\n\t\t\t\t<div class=\"elementor-widget-container\">\n\t\t\t\t\t\t\t\t\t<p>Un antic espai de pedra reformat per acollir la modernitat, respectant i potenciant-ne l'autenticitat original.<\/p><p>Comptem amb <strong>dues sales<\/strong> diferents: una a l'entrada, per a sopars m\u00e9s \u00edntims i tranquils, i una a la part posterior amb un sostre d'arc, per a sopars amb amics, m\u00e9s animat. Tamb\u00e9 disposem d'una <strong>terrassa<\/strong> fant\u00e0stica, ideal per al bon temps. Us encantar\u00e0 la decoraci\u00f3 del cinema cl\u00e0ssic i les sensacions de l'espai!<\/p><p>Som un equip jove, din\u00e0mic i experimentat. Fa anys que treballem en un producte diferent i amb gran recorregut al mercat. Hem treballat la rendibilitat, atraient cada cop m\u00e9s clients que tornen pels nostres productes i la nostra cuina, per\u00f2 tamb\u00e9 pel bon tracte i la confian\u00e7a.\u00a0<\/p>\t\t\t\t\t\t\t\t<\/div>\n\t\t\t\t<\/div>\n\t\t\t\t<section class=\"elementor-section elementor-inner-section elementor-element elementor-element-1d138231 elementor-section-boxed elementor-section-height-default elementor-section-height-default\" data-id=\"1d138231\" data-element_type=\"section\">\n\t\t\t\t\t\t<div class=\"elementor-container elementor-column-gap-default\">\n\t\t\t\t\t<div class=\"elementor-column elementor-col-33 elementor-inner-column elementor-element elementor-element-7948d952\" data-id=\"7948d952\" data-element_type=\"column\">\n\t\t\t<div class=\"elementor-widget-wrap elementor-element-populated\">\n\t\t\t\t\t\t<div class=\"elementor-element elementor-element-59ad8d88 elementor-widget elementor-widget-button\" data-id=\"59ad8d88\" data-element_type=\"widget\" data-widget_type=\"button.default\">\n\t\t\t\t<div class=\"elementor-widget-container\">\n\t\t\t\t\t\t\t\t\t<div class=\"elementor-button-wrapper\">\n\t\t\t\t\t<a class=\"elementor-button elementor-button-link elementor-size-sm elementor-animation-grow\" href=\"https:\/\/www.google.com\/maps\/place\/La+Vedette\/@41.988719,2.8243747,3a,125.2y,90t\/data=!3m8!1e2!3m6!1sAF1QipPb30cXNL92tKPERbp41eTLwW7L3U1lh3pZn0B1!2e10!3e12!6shttps:%2F%2Flh5.googleusercontent.com%2Fp%2FAF1QipPb30cXNL92tKPERbp41eTLwW7L3U1lh3pZn0B1%3Dw530-h298-k-no!7i630!8i354!4m7!3m6!1s0x12bae6e69bea2bd3:0x67624034f3607dd8!8m2!3d41.988719!4d2.8243747!14m1!1BCgIgAQ\" target=\"_blank\" rel=\"noopener\">\n\t\t\t\t\t\t<span class=\"elementor-button-content-wrapper\">\n\t\t\t\t\t\t\t\t\t<span class=\"elementor-button-text\">tour<\/span>\n\t\t\t\t\t<\/span>\n\t\t\t\t\t<\/a>\n\t\t\t\t<\/div>\n\t\t\t\t\t\t\t\t<\/div>\n\t\t\t\t<\/div>\n\t\t\t\t<div class=\"elementor-element elementor-element-263f5fbf elementor-widget elementor-widget-spacer\" data-id=\"263f5fbf\" data-element_type=\"widget\" data-widget_type=\"spacer.default\">\n\t\t\t\t<div class=\"elementor-widget-container\">\n\t\t\t\t\t\t\t<div class=\"elementor-spacer\">\n\t\t\t<div class=\"elementor-spacer-inner\"><\/div>\n\t\t<\/div>\n\t\t\t\t\t\t<\/div>\n\t\t\t\t<\/div>\n\t\t\t\t\t<\/div>\n\t\t<\/div>\n\t\t\t\t<div class=\"elementor-column elementor-col-33 elementor-inner-column elementor-element elementor-element-1a2a3cab\" data-id=\"1a2a3cab\" data-element_type=\"column\">\n\t\t\t<div class=\"elementor-widget-wrap\">\n\t\t\t\t\t\t\t<\/div>\n\t\t<\/div>\n\t\t\t\t<div class=\"elementor-column elementor-col-33 elementor-inner-column elementor-element elementor-element-6dc0db5b\" data-id=\"6dc0db5b\" data-element_type=\"column\">\n\t\t\t<div class=\"elementor-widget-wrap\">\n\t\t\t\t\t\t\t<\/div>\n\t\t<\/div>\n\t\t\t\t\t<\/div>\n\t\t<\/section>\n\t\t\t\t\t<\/div>\n\t\t<\/div>\n\t\t\t\t<div class=\"elementor-column elementor-col-50 elementor-top-column elementor-element elementor-element-2fde7821\" data-id=\"2fde7821\" data-element_type=\"column\">\n\t\t\t<div class=\"elementor-widget-wrap elementor-element-populated\">\n\t\t\t\t\t\t<div class=\"elementor-element elementor-element-54da40d6 elementor-invisible elementor-widget elementor-widget-image\" data-id=\"54da40d6\" data-element_type=\"widget\" data-settings=\"{&quot;_animation&quot;:&quot;fadeIn&quot;,&quot;_animation_delay&quot;:700}\" data-widget_type=\"image.default\">\n\t\t\t\t<div class=\"elementor-widget-container\">\n\t\t\t\t\t\t\t\t\t\t\t\t\t\t\t<img fetchpriority=\"high\" decoding=\"async\" width=\"588\" height=\"472\" src=\"https:\/\/www.lavedettefranquicia.com\/wp-content\/uploads\/2023\/06\/local.jpg\" class=\"attachment-full size-full wp-image-13878\" alt=\"\" srcset=\"https:\/\/www.lavedettefranquicia.com\/wp-content\/uploads\/2023\/06\/local.jpg 588w, https:\/\/www.lavedettefranquicia.com\/wp-content\/uploads\/2023\/06\/local-300x241.jpg 300w, https:\/\/www.lavedettefranquicia.com\/wp-content\/uploads\/2023\/06\/local-15x12.jpg 15w\" sizes=\"(max-width: 588px) 100vw, 588px\" \/>\t\t\t\t\t\t\t\t\t\t\t\t\t\t\t<\/div>\n\t\t\t\t<\/div>\n\t\t\t\t<div class=\"elementor-element elementor-element-739da0a7 animated-slow elementor-absolute elementor-invisible elementor-widget elementor-widget-image\" data-id=\"739da0a7\" data-element_type=\"widget\" data-settings=\"{&quot;_animation&quot;:&quot;fadeIn&quot;,&quot;_animation_delay&quot;:900,&quot;_position&quot;:&quot;absolute&quot;}\" data-widget_type=\"image.default\">\n\t\t\t\t<div class=\"elementor-widget-container\">\n\t\t\t\t\t\t\t\t\t\t\t\t\t\t\t<img decoding=\"async\" width=\"292\" height=\"121\" src=\"https:\/\/www.lavedettefranquicia.com\/wp-content\/uploads\/2023\/06\/girona-07.svg\" class=\"attachment-large size-large wp-image-13879\" alt=\"\" \/>\t\t\t\t\t\t\t\t\t\t\t\t\t\t\t<\/div>\n\t\t\t\t<\/div>\n\t\t\t\t\t<\/div>\n\t\t<\/div>\n\t\t\t\t\t<\/div>\n\t\t<\/section>\n\t\t\t\t<section class=\"elementor-section elementor-top-section elementor-element elementor-element-688f0b33 elementor-section-boxed elementor-section-height-default elementor-section-height-default elementor-invisible\" data-id=\"688f0b33\" data-element_type=\"section\" data-settings=\"{&quot;background_background&quot;:&quot;classic&quot;,&quot;animation&quot;:&quot;fadeIn&quot;}\">\n\t\t\t\t\t\t<div class=\"elementor-container elementor-column-gap-default\">\n\t\t\t\t\t<div class=\"elementor-column elementor-col-100 elementor-top-column elementor-element elementor-element-5fe33f96\" data-id=\"5fe33f96\" data-element_type=\"column\">\n\t\t\t<div class=\"elementor-widget-wrap elementor-element-populated\">\n\t\t\t\t\t\t<div class=\"elementor-element elementor-element-1f2c2f3 elementor-invisible elementor-widget elementor-widget-text-editor\" data-id=\"1f2c2f3\" data-element_type=\"widget\" data-settings=\"{&quot;_animation&quot;:&quot;fadeInUp&quot;,&quot;_animation_delay&quot;:400}\" data-widget_type=\"text-editor.default\">\n\t\t\t\t<div class=\"elementor-widget-container\">\n\t\t\t\t\t\t\t\t\t<p>18 ANYS DE TRAJECT\u00d2RIA<\/p>\t\t\t\t\t\t\t\t<\/div>\n\t\t\t\t<\/div>\n\t\t\t\t\t<\/div>\n\t\t<\/div>\n\t\t\t\t\t<\/div>\n\t\t<\/section>\n\t\t\t\t<section class=\"elementor-section elementor-top-section elementor-element elementor-element-14ccae2 elementor-reverse-mobile elementor-section-boxed elementor-section-height-default elementor-section-height-default\" data-id=\"14ccae2\" data-element_type=\"section\">\n\t\t\t\t\t\t<div class=\"elementor-container elementor-column-gap-default\">\n\t\t\t\t\t<div class=\"elementor-column elementor-col-50 elementor-top-column elementor-element elementor-element-0eba8b5\" data-id=\"0eba8b5\" data-element_type=\"column\">\n\t\t\t<div class=\"elementor-widget-wrap elementor-element-populated\">\n\t\t\t\t\t\t<div class=\"elementor-element elementor-element-9d4f99a elementor-invisible elementor-widget elementor-widget-text-editor\" data-id=\"9d4f99a\" data-element_type=\"widget\" data-settings=\"{&quot;_animation&quot;:&quot;fadeInUp&quot;,&quot;_animation_delay&quot;:400}\" data-widget_type=\"text-editor.default\">\n\t\t\t\t<div class=\"elementor-widget-container\">\n\t\t\t\t\t\t\t\t\t<p>\u00c0MPLIA EXPERI\u00c8NCIA<\/p>\t\t\t\t\t\t\t\t<\/div>\n\t\t\t\t<\/div>\n\t\t\t\t<div class=\"elementor-element elementor-element-662bc57 elementor-invisible elementor-widget elementor-widget-text-editor\" data-id=\"662bc57\" data-element_type=\"widget\" data-settings=\"{&quot;_animation&quot;:&quot;fadeIn&quot;}\" data-widget_type=\"text-editor.default\">\n\t\t\t\t<div class=\"elementor-widget-container\">\n\t\t\t\t\t\t\t\t\t<p>Respectar en tot moment les nostres exig\u00e8ncies de qualitat ens ha perm\u00e8s cr\u00e9ixer i introduir el nostre producte al sector gastron\u00f2mic amb bons resultats. Hem dissenyat la nostra carta amb molta cura, creant una <b>\u00e0mplia gamma d'opcions<\/b> que s'adapten a les diferents prefer\u00e8ncies i necessitats aliment\u00e0ries perqu\u00e8 tothom pugui gaudir dels nostres plats, que s'elaboren sota un model\u00a0<b>d'alimentaci\u00f3 saludable<\/b> i amb <b>ingredients de primera qualitat<\/b>.<\/p><p>Tamb\u00e9 ha estat molt rellevant per al nostre creixement la reinvenci\u00f3, mantenir-nos actualitzats respecte a les t\u00e8cniques i aven\u00e7os del mercat en general i sobre el nostre producte espec\u00edfic, formant-nos constantment i buscant sempre la millora. <b>Escoltar als clients<\/b> i les seves opinions \u00e9s un altre factor que hem tingut en compte, adaptant-nos a les necessitats que hem detectat.<\/p>\t\t\t\t\t\t\t\t<\/div>\n\t\t\t\t<\/div>\n\t\t\t\t\t<\/div>\n\t\t<\/div>\n\t\t\t\t<div class=\"elementor-column elementor-col-50 elementor-top-column elementor-element elementor-element-b320d13\" data-id=\"b320d13\" data-element_type=\"column\">\n\t\t\t<div class=\"elementor-widget-wrap elementor-element-populated\">\n\t\t\t\t\t\t<div class=\"elementor-element elementor-element-57164ff elementor-widget__width-initial elementor-invisible elementor-widget elementor-widget-text-editor\" data-id=\"57164ff\" data-element_type=\"widget\" data-settings=\"{&quot;_animation&quot;:&quot;fadeInUp&quot;}\" data-widget_type=\"text-editor.default\">\n\t\t\t\t<div class=\"elementor-widget-container\">\n\t\t\t\t\t\t\t\t\t<p>LES CLAUS PER ARRIBAR ALS 15 ANYS DE TRAJECT\u00d2RIA: UN GRAN EQUIP, INGREDIENTS DE PRIMERA QUALITAT, I UNA EXPERI\u00c8NCIA GASTRON\u00d2MICA \u00daNICA<\/p>\t\t\t\t\t\t\t\t<\/div>\n\t\t\t\t<\/div>\n\t\t\t\t<div class=\"elementor-element elementor-element-a2b6f8d elementor-invisible elementor-widget elementor-widget-text-editor\" data-id=\"a2b6f8d\" data-element_type=\"widget\" data-settings=\"{&quot;_animation&quot;:&quot;fadeIn&quot;}\" data-widget_type=\"text-editor.default\">\n\t\t\t\t<div class=\"elementor-widget-container\">\n\t\t\t\t\t\t\t\t\t<p>Per arribar als 15 anys hem recorregut un llarg cam\u00ed d'evoluci\u00f3, reptes i aprenentatge constant, on hem tingut presents diferents punts clau que ens han perm\u00e8s evolucionar i prosperar, aconseguint estabilitzar-nos i fent cr\u00e9ixer el negoci, fins al punt de comen\u00e7ar recentment amb el projecte d'expansi\u00f3, oferint la possibilitat de franqu\u00edcies a tot el territori nacional.<\/p>\t\t\t\t\t\t\t\t<\/div>\n\t\t\t\t<\/div>\n\t\t\t\t\t<\/div>\n\t\t<\/div>\n\t\t\t\t\t<\/div>\n\t\t<\/section>\n\t\t\t\t<section class=\"elementor-section elementor-top-section elementor-element elementor-element-2894ec27 elementor-section-full_width elementor-section-height-default elementor-section-height-default\" data-id=\"2894ec27\" data-element_type=\"section\">\n\t\t\t\t\t\t<div class=\"elementor-container elementor-column-gap-default\">\n\t\t\t\t\t<div class=\"elementor-column elementor-col-100 elementor-top-column elementor-element elementor-element-37600b3f\" data-id=\"37600b3f\" data-element_type=\"column\">\n\t\t\t<div class=\"elementor-widget-wrap elementor-element-populated\">\n\t\t\t\t\t\t<div class=\"elementor-element elementor-element-4808e2e3 elementor-pagination-position-outside elementor-invisible elementor-widget elementor-widget-image-carousel\" data-id=\"4808e2e3\" data-element_type=\"widget\" data-settings=\"{&quot;slides_to_show&quot;:&quot;4&quot;,&quot;navigation&quot;:&quot;dots&quot;,&quot;autoplay_speed&quot;:2000,&quot;speed&quot;:700,&quot;image_spacing_custom&quot;:{&quot;unit&quot;:&quot;px&quot;,&quot;size&quot;:7,&quot;sizes&quot;:[]},&quot;_animation&quot;:&quot;fadeIn&quot;,&quot;autoplay&quot;:&quot;yes&quot;,&quot;pause_on_hover&quot;:&quot;yes&quot;,&quot;pause_on_interaction&quot;:&quot;yes&quot;,&quot;infinite&quot;:&quot;yes&quot;,&quot;image_spacing_custom_tablet&quot;:{&quot;unit&quot;:&quot;px&quot;,&quot;size&quot;:&quot;&quot;,&quot;sizes&quot;:[]},&quot;image_spacing_custom_mobile&quot;:{&quot;unit&quot;:&quot;px&quot;,&quot;size&quot;:&quot;&quot;,&quot;sizes&quot;:[]}}\" data-widget_type=\"image-carousel.default\">\n\t\t\t\t<div class=\"elementor-widget-container\">\n\t\t\t\t\t\t\t<div class=\"elementor-image-carousel-wrapper swiper\" role=\"region\" aria-roledescription=\"carousel\" aria-label=\"Carrusel de im\u00e1genes\" dir=\"ltr\">\n\t\t\t<div class=\"elementor-image-carousel swiper-wrapper\" aria-live=\"off\">\n\t\t\t\t\t\t\t\t<div class=\"swiper-slide\" role=\"group\" aria-roledescription=\"slide\" aria-label=\"1 de 8\"><a data-elementor-open-lightbox=\"yes\" data-elementor-lightbox-slideshow=\"4808e2e3\" data-elementor-lightbox-title=\"local-carousel-01.jpg\" data-e-action-hash=\"#elementor-action%3Aaction%3Dlightbox%26settings%3DeyJpZCI6MTM4ODAsInVybCI6Imh0dHBzOlwvXC93d3cubGF2ZWRldHRlZnJhbnF1aWNpYS5jb21cL3dwLWNvbnRlbnRcL3VwbG9hZHNcLzIwMjNcLzA2XC9sb2NhbC1jYXJvdXNlbC0wMS5qcGciLCJzbGlkZXNob3ciOiI0ODA4ZTJlMyJ9\" href=\"https:\/\/www.lavedettefranquicia.com\/wp-content\/uploads\/2023\/06\/local-carousel-01.jpg\"><figure class=\"swiper-slide-inner\"><img decoding=\"async\" class=\"swiper-slide-image\" src=\"https:\/\/www.lavedettefranquicia.com\/wp-content\/uploads\/2023\/06\/local-carousel-01.jpg\" alt=\"local-carousel-01.jpg\" \/><\/figure><\/a><\/div><div class=\"swiper-slide\" role=\"group\" aria-roledescription=\"slide\" aria-label=\"2 de 8\"><a data-elementor-open-lightbox=\"yes\" data-elementor-lightbox-slideshow=\"4808e2e3\" data-elementor-lightbox-title=\"local-carousel-03.jpg\" data-e-action-hash=\"#elementor-action%3Aaction%3Dlightbox%26settings%3DeyJpZCI6MTM4ODEsInVybCI6Imh0dHBzOlwvXC93d3cubGF2ZWRldHRlZnJhbnF1aWNpYS5jb21cL3dwLWNvbnRlbnRcL3VwbG9hZHNcLzIwMjNcLzA2XC9sb2NhbC1jYXJvdXNlbC0wMy5qcGciLCJzbGlkZXNob3ciOiI0ODA4ZTJlMyJ9\" href=\"https:\/\/www.lavedettefranquicia.com\/wp-content\/uploads\/2023\/06\/local-carousel-03.jpg\"><figure class=\"swiper-slide-inner\"><img decoding=\"async\" class=\"swiper-slide-image\" src=\"https:\/\/www.lavedettefranquicia.com\/wp-content\/uploads\/2023\/06\/local-carousel-03.jpg\" alt=\"local-carousel-03.jpg\" \/><\/figure><\/a><\/div><div class=\"swiper-slide\" role=\"group\" aria-roledescription=\"slide\" aria-label=\"3 de 8\"><a data-elementor-open-lightbox=\"yes\" data-elementor-lightbox-slideshow=\"4808e2e3\" data-elementor-lightbox-title=\"local-carousel-05.jpg\" data-e-action-hash=\"#elementor-action%3Aaction%3Dlightbox%26settings%3DeyJpZCI6MTM4ODIsInVybCI6Imh0dHBzOlwvXC93d3cubGF2ZWRldHRlZnJhbnF1aWNpYS5jb21cL3dwLWNvbnRlbnRcL3VwbG9hZHNcLzIwMjNcLzA2XC9sb2NhbC1jYXJvdXNlbC0wNS5qcGciLCJzbGlkZXNob3ciOiI0ODA4ZTJlMyJ9\" href=\"https:\/\/www.lavedettefranquicia.com\/wp-content\/uploads\/2023\/06\/local-carousel-05.jpg\"><figure class=\"swiper-slide-inner\"><img decoding=\"async\" class=\"swiper-slide-image\" src=\"https:\/\/www.lavedettefranquicia.com\/wp-content\/uploads\/2023\/06\/local-carousel-05.jpg\" alt=\"local-carousel-05.jpg\" \/><\/figure><\/a><\/div><div class=\"swiper-slide\" role=\"group\" aria-roledescription=\"slide\" aria-label=\"4 de 8\"><a data-elementor-open-lightbox=\"yes\" data-elementor-lightbox-slideshow=\"4808e2e3\" data-elementor-lightbox-title=\"local-carousel-02.jpg\" data-e-action-hash=\"#elementor-action%3Aaction%3Dlightbox%26settings%3DeyJpZCI6MTM4ODMsInVybCI6Imh0dHBzOlwvXC93d3cubGF2ZWRldHRlZnJhbnF1aWNpYS5jb21cL3dwLWNvbnRlbnRcL3VwbG9hZHNcLzIwMjNcLzA2XC9sb2NhbC1jYXJvdXNlbC0wMi5qcGciLCJzbGlkZXNob3ciOiI0ODA4ZTJlMyJ9\" href=\"https:\/\/www.lavedettefranquicia.com\/wp-content\/uploads\/2023\/06\/local-carousel-02.jpg\"><figure class=\"swiper-slide-inner\"><img decoding=\"async\" class=\"swiper-slide-image\" src=\"https:\/\/www.lavedettefranquicia.com\/wp-content\/uploads\/2023\/06\/local-carousel-02.jpg\" alt=\"local-carousel-02.jpg\" \/><\/figure><\/a><\/div><div class=\"swiper-slide\" role=\"group\" aria-roledescription=\"slide\" aria-label=\"5 de 8\"><a data-elementor-open-lightbox=\"yes\" data-elementor-lightbox-slideshow=\"4808e2e3\" data-elementor-lightbox-title=\"local-carousel-06.jpg\" data-e-action-hash=\"#elementor-action%3Aaction%3Dlightbox%26settings%3DeyJpZCI6MTM4ODQsInVybCI6Imh0dHBzOlwvXC93d3cubGF2ZWRldHRlZnJhbnF1aWNpYS5jb21cL3dwLWNvbnRlbnRcL3VwbG9hZHNcLzIwMjNcLzA2XC9sb2NhbC1jYXJvdXNlbC0wNi5qcGciLCJzbGlkZXNob3ciOiI0ODA4ZTJlMyJ9\" href=\"https:\/\/www.lavedettefranquicia.com\/wp-content\/uploads\/2023\/06\/local-carousel-06.jpg\"><figure class=\"swiper-slide-inner\"><img decoding=\"async\" class=\"swiper-slide-image\" src=\"https:\/\/www.lavedettefranquicia.com\/wp-content\/uploads\/2023\/06\/local-carousel-06.jpg\" alt=\"local-carousel-06.jpg\" \/><\/figure><\/a><\/div><div class=\"swiper-slide\" role=\"group\" aria-roledescription=\"slide\" aria-label=\"6 de 8\"><a data-elementor-open-lightbox=\"yes\" data-elementor-lightbox-slideshow=\"4808e2e3\" data-elementor-lightbox-title=\"local-carousel-04.jpg\" data-e-action-hash=\"#elementor-action%3Aaction%3Dlightbox%26settings%3DeyJpZCI6MTM4ODUsInVybCI6Imh0dHBzOlwvXC93d3cubGF2ZWRldHRlZnJhbnF1aWNpYS5jb21cL3dwLWNvbnRlbnRcL3VwbG9hZHNcLzIwMjNcLzA2XC9sb2NhbC1jYXJvdXNlbC0wNC5qcGciLCJzbGlkZXNob3ciOiI0ODA4ZTJlMyJ9\" href=\"https:\/\/www.lavedettefranquicia.com\/wp-content\/uploads\/2023\/06\/local-carousel-04.jpg\"><figure class=\"swiper-slide-inner\"><img decoding=\"async\" class=\"swiper-slide-image\" src=\"https:\/\/www.lavedettefranquicia.com\/wp-content\/uploads\/2023\/06\/local-carousel-04.jpg\" alt=\"local-carousel-04.jpg\" \/><\/figure><\/a><\/div><div class=\"swiper-slide\" role=\"group\" aria-roledescription=\"slide\" aria-label=\"7 de 8\"><a data-elementor-open-lightbox=\"yes\" data-elementor-lightbox-slideshow=\"4808e2e3\" data-elementor-lightbox-title=\"local-carousel-07.jpg\" data-e-action-hash=\"#elementor-action%3Aaction%3Dlightbox%26settings%3DeyJpZCI6MTM4ODYsInVybCI6Imh0dHBzOlwvXC93d3cubGF2ZWRldHRlZnJhbnF1aWNpYS5jb21cL3dwLWNvbnRlbnRcL3VwbG9hZHNcLzIwMjNcLzA2XC9sb2NhbC1jYXJvdXNlbC0wNy5qcGciLCJzbGlkZXNob3ciOiI0ODA4ZTJlMyJ9\" href=\"https:\/\/www.lavedettefranquicia.com\/wp-content\/uploads\/2023\/06\/local-carousel-07.jpg\"><figure class=\"swiper-slide-inner\"><img decoding=\"async\" class=\"swiper-slide-image\" src=\"https:\/\/www.lavedettefranquicia.com\/wp-content\/uploads\/2023\/06\/local-carousel-07.jpg\" alt=\"local-carousel-07.jpg\" \/><\/figure><\/a><\/div><div class=\"swiper-slide\" role=\"group\" aria-roledescription=\"slide\" aria-label=\"8 de 8\"><a data-elementor-open-lightbox=\"yes\" data-elementor-lightbox-slideshow=\"4808e2e3\" data-elementor-lightbox-title=\"local-carousel-08.jpg\" data-e-action-hash=\"#elementor-action%3Aaction%3Dlightbox%26settings%3DeyJpZCI6MTM4ODcsInVybCI6Imh0dHBzOlwvXC93d3cubGF2ZWRldHRlZnJhbnF1aWNpYS5jb21cL3dwLWNvbnRlbnRcL3VwbG9hZHNcLzIwMjNcLzA2XC9sb2NhbC1jYXJvdXNlbC0wOC5qcGciLCJzbGlkZXNob3ciOiI0ODA4ZTJlMyJ9\" href=\"https:\/\/www.lavedettefranquicia.com\/wp-content\/uploads\/2023\/06\/local-carousel-08.jpg\"><figure class=\"swiper-slide-inner\"><img decoding=\"async\" class=\"swiper-slide-image\" src=\"https:\/\/www.lavedettefranquicia.com\/wp-content\/uploads\/2023\/06\/local-carousel-08.jpg\" alt=\"local-carousel-08.jpg\" \/><\/figure><\/a><\/div>\t\t\t<\/div>\n\t\t\t\t\t\t\t\n\t\t\t\t\t\t\t\t\t<div class=\"swiper-pagination\"><\/div>\n\t\t\t\t\t\t\t\t\t<\/div>\n\t\t\t\t\t\t<\/div>\n\t\t\t\t<\/div>\n\t\t\t\t\t<\/div>\n\t\t<\/div>\n\t\t\t\t\t<\/div>\n\t\t<\/section>\n\t\t\t\t<\/div>","protected":false},"excerpt":{"rendered":"<p>RESTAURANT CR\u00caPERIE BRETONNE NUESTRO RESTAURANTE LA VEDETTE Un antiguo espacio de piedra reformado para acoger la modernidad, respectando y potenciando la autenticidad original del mismo. Cuenta con dos salas diferentes: una en la entrada, para cenas m\u00e1s \u00edntimas y tranquilas, y una en la parte posterior con un techo de arco, para cenas con amigos [&hellip;]<\/p>","protected":false},"author":1,"featured_media":0,"parent":0,"menu_order":0,"comment_status":"closed","ping_status":"closed","template":"","meta":{"footnotes":""},"class_list":["post-37","page","type-page","status-publish","hentry"],"_links":{"self":[{"href":"https:\/\/www.lavedettefranquicia.com\/ca\/wp-json\/wp\/v2\/pages\/37","targetHints":{"allow":["GET"]}}],"collection":[{"href":"https:\/\/www.lavedettefranquicia.com\/ca\/wp-json\/wp\/v2\/pages"}],"about":[{"href":"https:\/\/www.lavedettefranquicia.com\/ca\/wp-json\/wp\/v2\/types\/page"}],"author":[{"embeddable":true,"href":"https:\/\/www.lavedettefranquicia.com\/ca\/wp-json\/wp\/v2\/users\/1"}],"replies":[{"embeddable":true,"href":"https:\/\/www.lavedettefranquicia.com\/ca\/wp-json\/wp\/v2\/comments?post=37"}],"version-history":[{"count":117,"href":"https:\/\/www.lavedettefranquicia.com\/ca\/wp-json\/wp\/v2\/pages\/37\/revisions"}],"predecessor-version":[{"id":14104,"href":"https:\/\/www.lavedettefranquicia.com\/ca\/wp-json\/wp\/v2\/pages\/37\/revisions\/14104"}],"wp:attachment":[{"href":"https:\/\/www.lavedettefranquicia.com\/ca\/wp-json\/wp\/v2\/media?parent=37"}],"curies":[{"name":"wp","href":"https:\/\/api.w.org\/{rel}","templated":true}]}}