{"id":35,"date":"2022-01-10T12:00:33","date_gmt":"2022-01-10T11:00:33","guid":{"rendered":"https:\/\/www.lavedetterestaurant.com\/?page_id=35"},"modified":"2026-01-23T10:03:36","modified_gmt":"2026-01-23T09:03:36","slug":"franquicia","status":"publish","type":"page","link":"https:\/\/www.lavedettefranquicia.com\/ca\/franquicia\/","title":{"rendered":"franqu\u00edcia"},"content":{"rendered":"<div data-elementor-type=\"wp-page\" data-elementor-id=\"35\" class=\"elementor elementor-35\" data-elementor-post-type=\"page\">\n\t\t\t\t\t\t<section class=\"elementor-section elementor-top-section elementor-element elementor-element-2611d0e elementor-section-boxed elementor-section-height-default elementor-section-height-default\" data-id=\"2611d0e\" data-element_type=\"section\" data-settings=\"{&quot;background_background&quot;:&quot;classic&quot;}\">\n\t\t\t\t\t\t<div class=\"elementor-container elementor-column-gap-default\">\n\t\t\t\t\t<div class=\"elementor-column elementor-col-100 elementor-top-column elementor-element elementor-element-69431da\" data-id=\"69431da\" data-element_type=\"column\">\n\t\t\t<div class=\"elementor-widget-wrap elementor-element-populated\">\n\t\t\t\t\t\t<div class=\"elementor-element elementor-element-e8a3cab elementor-widget elementor-widget-spacer\" data-id=\"e8a3cab\" data-element_type=\"widget\" data-widget_type=\"spacer.default\">\n\t\t\t\t<div class=\"elementor-widget-container\">\n\t\t\t\t\t\t\t<div class=\"elementor-spacer\">\n\t\t\t<div class=\"elementor-spacer-inner\"><\/div>\n\t\t<\/div>\n\t\t\t\t\t\t<\/div>\n\t\t\t\t<\/div>\n\t\t\t\t<div class=\"elementor-element elementor-element-39b40d5 elementor-widget elementor-widget-spacer\" data-id=\"39b40d5\" data-element_type=\"widget\" data-widget_type=\"spacer.default\">\n\t\t\t\t<div class=\"elementor-widget-container\">\n\t\t\t\t\t\t\t<div class=\"elementor-spacer\">\n\t\t\t<div class=\"elementor-spacer-inner\"><\/div>\n\t\t<\/div>\n\t\t\t\t\t\t<\/div>\n\t\t\t\t<\/div>\n\t\t\t\t\t<\/div>\n\t\t<\/div>\n\t\t\t\t\t<\/div>\n\t\t<\/section>\n\t\t\t\t<section class=\"elementor-section elementor-top-section elementor-element elementor-element-774f9c6 elementor-section-full_width elementor-section-height-default elementor-section-height-default\" data-id=\"774f9c6\" data-element_type=\"section\">\n\t\t\t\t\t\t<div class=\"elementor-container elementor-column-gap-default\">\n\t\t\t\t\t<div class=\"elementor-column elementor-col-33 elementor-top-column elementor-element elementor-element-9eb9e49\" data-id=\"9eb9e49\" data-element_type=\"column\">\n\t\t\t<div class=\"elementor-widget-wrap elementor-element-populated\">\n\t\t\t\t\t\t<div class=\"elementor-element elementor-element-a8a7d9b elementor-widget__width-initial e-transform elementor-widget elementor-widget-heading\" data-id=\"a8a7d9b\" data-element_type=\"widget\" data-settings=\"{&quot;motion_fx_motion_fx_scrolling&quot;:&quot;yes&quot;,&quot;motion_fx_translateX_effect&quot;:&quot;yes&quot;,&quot;motion_fx_translateX_speed&quot;:{&quot;unit&quot;:&quot;px&quot;,&quot;size&quot;:2.4,&quot;sizes&quot;:[]},&quot;_transform_rotateZ_effect&quot;:{&quot;unit&quot;:&quot;px&quot;,&quot;size&quot;:-90,&quot;sizes&quot;:[]},&quot;motion_fx_translateX_affectedRange&quot;:{&quot;unit&quot;:&quot;%&quot;,&quot;size&quot;:&quot;&quot;,&quot;sizes&quot;:{&quot;start&quot;:0,&quot;end&quot;:100}},&quot;motion_fx_devices&quot;:[&quot;desktop&quot;,&quot;tablet&quot;,&quot;mobile&quot;],&quot;_transform_rotateZ_effect_tablet&quot;:{&quot;unit&quot;:&quot;deg&quot;,&quot;size&quot;:&quot;&quot;,&quot;sizes&quot;:[]},&quot;_transform_rotateZ_effect_mobile&quot;:{&quot;unit&quot;:&quot;deg&quot;,&quot;size&quot;:&quot;&quot;,&quot;sizes&quot;:[]}}\" data-widget_type=\"heading.default\">\n\t\t\t\t<div class=\"elementor-widget-container\">\n\t\t\t\t\t<h3 class=\"elementor-heading-title elementor-size-default\">LAVEDETTE<\/h3>\t\t\t\t<\/div>\n\t\t\t\t<\/div>\n\t\t\t\t\t<\/div>\n\t\t<\/div>\n\t\t\t\t<div class=\"elementor-column elementor-col-33 elementor-top-column elementor-element elementor-element-5c0f86e\" data-id=\"5c0f86e\" data-element_type=\"column\">\n\t\t\t<div class=\"elementor-widget-wrap elementor-element-populated\">\n\t\t\t\t\t\t<div class=\"elementor-element elementor-element-0e94a15 elementor-invisible elementor-widget elementor-widget-text-editor\" data-id=\"0e94a15\" data-element_type=\"widget\" data-settings=\"{&quot;_animation&quot;:&quot;fadeInUp&quot;}\" data-widget_type=\"text-editor.default\">\n\t\t\t\t<div class=\"elementor-widget-container\">\n\t\t\t\t\t\t\t\t\t<p>AVANTATGES DEL PROJECTE DE NEGOCI<\/p>\t\t\t\t\t\t\t\t<\/div>\n\t\t\t\t<\/div>\n\t\t\t\t<div class=\"elementor-element elementor-element-57ea3f1 elementor-invisible elementor-widget elementor-widget-heading\" data-id=\"57ea3f1\" data-element_type=\"widget\" data-settings=\"{&quot;_animation&quot;:&quot;zoomIn&quot;,&quot;_animation_delay&quot;:300}\" data-widget_type=\"heading.default\">\n\t\t\t\t<div class=\"elementor-widget-container\">\n\t\t\t\t\t<h2 class=\"elementor-heading-title elementor-size-default\">FRANQU\u00cdCIA DE LA VEDETTE<\/h2>\t\t\t\t<\/div>\n\t\t\t\t<\/div>\n\t\t\t\t<div class=\"elementor-element elementor-element-d69d5c8 elementor-invisible elementor-widget elementor-widget-text-editor\" data-id=\"d69d5c8\" data-element_type=\"widget\" data-settings=\"{&quot;_animation&quot;:&quot;fadeIn&quot;}\" data-widget_type=\"text-editor.default\">\n\t\t\t\t<div class=\"elementor-widget-container\">\n\t\t\t\t\t\t\t\t\t<ul><li>Restaurant f\u00e0cil de gestionar<\/li><li>R\u00e0pida recuperaci\u00f3 de la inversi\u00f3<\/li><li>Suport i formaci\u00f3 permanent per part de la marca<\/li><li>\u00c9s un concepte \u00fanic en restauraci\u00f3<\/li><li>Producte de m\u00e0xima qualitat al millor preu<\/li><li>Prove\u00efdors de qualitat i confian\u00e7a<\/li><li>Gran combinaci\u00f3 entre restauraci\u00f3 tradicional i model de franqu\u00edcia<\/li><li>Tiquet mitj\u00e0 per sobre del sector<\/li><\/ul>\t\t\t\t\t\t\t\t<\/div>\n\t\t\t\t<\/div>\n\t\t\t\t<div class=\"elementor-element elementor-element-00ff8bd elementor-widget elementor-widget-button\" data-id=\"00ff8bd\" data-element_type=\"widget\" data-widget_type=\"button.default\">\n\t\t\t\t<div class=\"elementor-widget-container\">\n\t\t\t\t\t\t\t\t\t<div class=\"elementor-button-wrapper\">\n\t\t\t\t\t<a class=\"elementor-button elementor-button-link elementor-size-sm elementor-animation-grow\" href=\"https:\/\/www.lavedettefranquicia.com\/wp-content\/uploads\/2026\/01\/dossier_lv_1.pptx\" target=\"_blank\">\n\t\t\t\t\t\t<span class=\"elementor-button-content-wrapper\">\n\t\t\t\t\t\t\t\t\t<span class=\"elementor-button-text\">tota la informaci\u00f3<\/span>\n\t\t\t\t\t<\/span>\n\t\t\t\t\t<\/a>\n\t\t\t\t<\/div>\n\t\t\t\t\t\t\t\t<\/div>\n\t\t\t\t<\/div>\n\t\t\t\t\t<\/div>\n\t\t<\/div>\n\t\t\t\t<div class=\"elementor-column elementor-col-33 elementor-top-column elementor-element elementor-element-e535103\" data-id=\"e535103\" data-element_type=\"column\">\n\t\t\t<div class=\"elementor-widget-wrap elementor-element-populated\">\n\t\t\t\t\t\t<div class=\"elementor-element elementor-element-2a671c2 elementor-invisible elementor-widget elementor-widget-image\" data-id=\"2a671c2\" data-element_type=\"widget\" data-settings=\"{&quot;_animation&quot;:&quot;fadeIn&quot;,&quot;_animation_delay&quot;:700}\" data-widget_type=\"image.default\">\n\t\t\t\t<div class=\"elementor-widget-container\">\n\t\t\t\t\t\t\t\t\t\t\t\t\t\t\t\t<a href=\"https:\/\/www.lavedettefranquicia.com\/wp-content\/uploads\/2022\/11\/LA-VEDETTE-CartaRestaurant_CA-ES.pdf\" target=\"_blank\">\n\t\t\t\t\t\t\t<img fetchpriority=\"high\" decoding=\"async\" width=\"1800\" height=\"666\" src=\"https:\/\/www.lavedettefranquicia.com\/wp-content\/uploads\/2023\/06\/franquicia.jpg\" class=\"attachment-full size-full wp-image-13911\" alt=\"\" srcset=\"https:\/\/www.lavedettefranquicia.com\/wp-content\/uploads\/2023\/06\/franquicia.jpg 1800w, https:\/\/www.lavedettefranquicia.com\/wp-content\/uploads\/2023\/06\/franquicia-300x111.jpg 300w, https:\/\/www.lavedettefranquicia.com\/wp-content\/uploads\/2023\/06\/franquicia-1024x379.jpg 1024w, https:\/\/www.lavedettefranquicia.com\/wp-content\/uploads\/2023\/06\/franquicia-768x284.jpg 768w, https:\/\/www.lavedettefranquicia.com\/wp-content\/uploads\/2023\/06\/franquicia-1536x568.jpg 1536w, https:\/\/www.lavedettefranquicia.com\/wp-content\/uploads\/2023\/06\/franquicia-18x7.jpg 18w\" sizes=\"(max-width: 1800px) 100vw, 1800px\" \/>\t\t\t\t\t\t\t\t<\/a>\n\t\t\t\t\t\t\t\t\t\t\t\t\t\t\t<\/div>\n\t\t\t\t<\/div>\n\t\t\t\t<div class=\"elementor-element elementor-element-826946d elementor-widget__width-initial elementor-invisible elementor-widget elementor-widget-image\" data-id=\"826946d\" data-element_type=\"widget\" data-settings=\"{&quot;_animation&quot;:&quot;fadeInRight&quot;,&quot;_animation_delay&quot;:900}\" data-widget_type=\"image.default\">\n\t\t\t\t<div class=\"elementor-widget-container\">\n\t\t\t\t\t\t\t\t\t\t\t\t\t\t\t<img decoding=\"async\" width=\"1\" height=\"1\" src=\"https:\/\/www.lavedettefranquicia.com\/wp-content\/uploads\/2022\/01\/grafics-04.svg\" class=\"attachment-large size-large wp-image-19\" alt=\"barri vell girona\" \/>\t\t\t\t\t\t\t\t\t\t\t\t\t\t\t<\/div>\n\t\t\t\t<\/div>\n\t\t\t\t\t<\/div>\n\t\t<\/div>\n\t\t\t\t\t<\/div>\n\t\t<\/section>\n\t\t\t\t<section class=\"elementor-section elementor-top-section elementor-element elementor-element-a1200e2 elementor-section-boxed elementor-section-height-default elementor-section-height-default\" data-id=\"a1200e2\" data-element_type=\"section\">\n\t\t\t\t\t\t<div class=\"elementor-container elementor-column-gap-default\">\n\t\t\t\t\t<div class=\"elementor-column elementor-col-100 elementor-top-column elementor-element elementor-element-e62820e\" data-id=\"e62820e\" data-element_type=\"column\">\n\t\t\t<div class=\"elementor-widget-wrap elementor-element-populated\">\n\t\t\t\t\t\t<div class=\"elementor-element elementor-element-d3a379c elementor-widget elementor-widget-heading\" data-id=\"d3a379c\" data-element_type=\"widget\" data-widget_type=\"heading.default\">\n\t\t\t\t<div class=\"elementor-widget-container\">\n\t\t\t\t\t<h4 class=\"elementor-heading-title elementor-size-default\">OPORTUNITAT D'INVERSI\u00d3 \u00daNICA<\/h4>\t\t\t\t<\/div>\n\t\t\t\t<\/div>\n\t\t\t\t<div class=\"elementor-element elementor-element-b93ae40 elementor-invisible elementor-widget elementor-widget-heading\" data-id=\"b93ae40\" data-element_type=\"widget\" data-settings=\"{&quot;_animation&quot;:&quot;zoomIn&quot;,&quot;_animation_delay&quot;:300}\" data-widget_type=\"heading.default\">\n\t\t\t\t<div class=\"elementor-widget-container\">\n\t\t\t\t\t<h3 class=\"elementor-heading-title elementor-size-default\">PASSOS PER OBRIR LA TEVA FRANQU\u00cdCIA<\/h3>\t\t\t\t<\/div>\n\t\t\t\t<\/div>\n\t\t\t\t\t<\/div>\n\t\t<\/div>\n\t\t\t\t\t<\/div>\n\t\t<\/section>\n\t\t\t\t<section class=\"elementor-section elementor-top-section elementor-element elementor-element-51119d2 animated-slow elementor-section-boxed elementor-section-height-default elementor-section-height-default elementor-invisible\" data-id=\"51119d2\" data-element_type=\"section\" data-settings=\"{&quot;animation&quot;:&quot;fadeIn&quot;}\">\n\t\t\t\t\t\t<div class=\"elementor-container elementor-column-gap-default\">\n\t\t\t\t\t<div class=\"elementor-column elementor-col-33 elementor-top-column elementor-element elementor-element-19d8ea0\" data-id=\"19d8ea0\" data-element_type=\"column\">\n\t\t\t<div class=\"elementor-widget-wrap elementor-element-populated\">\n\t\t\t\t\t\t<div class=\"elementor-element elementor-element-aecdf1a elementor-position-left elementor-view-default elementor-mobile-position-top elementor-widget elementor-widget-icon-box\" data-id=\"aecdf1a\" data-element_type=\"widget\" data-widget_type=\"icon-box.default\">\n\t\t\t\t<div class=\"elementor-widget-container\">\n\t\t\t\t\t\t\t<div class=\"elementor-icon-box-wrapper\">\n\n\t\t\t\t\t\t<div class=\"elementor-icon-box-icon\">\n\t\t\t\t<span  class=\"elementor-icon\">\n\t\t\t\t<svg xmlns=\"http:\/\/www.w3.org\/2000\/svg\" id=\"uuid-001edb35-1f92-4d8b-9a12-1f8cd71623c0\" data-name=\"Capa 1\" width=\"79.8\" height=\"83.8\" viewbox=\"0 0 79.8 83.8\"><defs><style>      .uuid-2d9afff0-af91-4ed9-8562-c78129ba1d51 {        fill: #e8b06b;      }    <\/style><\/defs><path class=\"uuid-2d9afff0-af91-4ed9-8562-c78129ba1d51\" d=\"m54.2,10.3v62.9h-14.5V21.9h-12.6v-11.7h27.1Z\"><\/path><\/svg>\t\t\t\t<\/span>\n\t\t\t<\/div>\n\t\t\t\n\t\t\t\t\t\t<div class=\"elementor-icon-box-content\">\n\n\t\t\t\t\t\t\t\t\t<h3 class=\"elementor-icon-box-title\">\n\t\t\t\t\t\t<span  >\n\t\t\t\t\t\t\tsignatura del <br>precontracte\t\t\t\t\t\t<\/span>\n\t\t\t\t\t<\/h3>\n\t\t\t\t\n\t\t\t\t\n\t\t\t<\/div>\n\t\t\t\n\t\t<\/div>\n\t\t\t\t\t\t<\/div>\n\t\t\t\t<\/div>\n\t\t\t\t<div class=\"elementor-element elementor-element-b33e47d elementor-widget elementor-widget-text-editor\" data-id=\"b33e47d\" data-element_type=\"widget\" data-widget_type=\"text-editor.default\">\n\t\t\t\t<div class=\"elementor-widget-container\">\n\t\t\t\t\t\t\t\t\tSignatura del precontracte de franqu\u00edcia\no de reserva de zona. Amb ell t'assegures des de l'inici l'exclusivitat a la teva \u00e0rea d'influ\u00e8ncia.\t\t\t\t\t\t\t\t<\/div>\n\t\t\t\t<\/div>\n\t\t\t\t\t<\/div>\n\t\t<\/div>\n\t\t\t\t<div class=\"elementor-column elementor-col-33 elementor-top-column elementor-element elementor-element-50f077d\" data-id=\"50f077d\" data-element_type=\"column\">\n\t\t\t<div class=\"elementor-widget-wrap elementor-element-populated\">\n\t\t\t\t\t\t<div class=\"elementor-element elementor-element-6cd6cd7 elementor-position-left elementor-view-default elementor-mobile-position-top elementor-widget elementor-widget-icon-box\" data-id=\"6cd6cd7\" data-element_type=\"widget\" data-widget_type=\"icon-box.default\">\n\t\t\t\t<div class=\"elementor-widget-container\">\n\t\t\t\t\t\t\t<div class=\"elementor-icon-box-wrapper\">\n\n\t\t\t\t\t\t<div class=\"elementor-icon-box-icon\">\n\t\t\t\t<span  class=\"elementor-icon\">\n\t\t\t\t<svg xmlns=\"http:\/\/www.w3.org\/2000\/svg\" id=\"uuid-ed6cb28d-6025-4faa-ba38-31a243856984\" data-name=\"Capa 1\" width=\"86.8\" height=\"84.8\" viewbox=\"0 0 86.8 84.8\"><defs><style>      .uuid-a49103cd-65a1-41b5-9d4d-c351a90f7c93 {        fill: #e8b06b;      }    <\/style><\/defs><path class=\"uuid-a49103cd-65a1-41b5-9d4d-c351a90f7c93\" d=\"m68.2,61.4v11.9H20.6v-9.4l24.2-22.9c5.6-5.3,6.6-8.5,6.6-11.6,0-4.9-3.4-7.8-10.1-7.8s-10,2.1-13,6.3l-10.6-6.8c4.8-7.1,13.7-11.7,25-11.7s23.4,7.2,23.4,18.6-1.7,11.7-10.5,19.8l-14.5,13.7h27Z\"><\/path><\/svg>\t\t\t\t<\/span>\n\t\t\t<\/div>\n\t\t\t\n\t\t\t\t\t\t<div class=\"elementor-icon-box-content\">\n\n\t\t\t\t\t\t\t\t\t<h3 class=\"elementor-icon-box-title\">\n\t\t\t\t\t\t<span  >\n\t\t\t\t\t\t\tSelecci\u00f3<br>del local\t\t\t\t\t\t<\/span>\n\t\t\t\t\t<\/h3>\n\t\t\t\t\n\t\t\t\t\n\t\t\t<\/div>\n\t\t\t\n\t\t<\/div>\n\t\t\t\t\t\t<\/div>\n\t\t\t\t<\/div>\n\t\t\t\t<div class=\"elementor-element elementor-element-6f8ed27 elementor-widget elementor-widget-text-editor\" data-id=\"6f8ed27\" data-element_type=\"widget\" data-widget_type=\"text-editor.default\">\n\t\t\t\t<div class=\"elementor-widget-container\">\n\t\t\t\t\t\t\t\t\tAmb la reserva de zona feta\npots iniciar la cerca de local. Pren el temps que necessitis. El nostre equip us ajudar\u00e0 a validar-lo.\t\t\t\t\t\t\t\t<\/div>\n\t\t\t\t<\/div>\n\t\t\t\t\t<\/div>\n\t\t<\/div>\n\t\t\t\t<div class=\"elementor-column elementor-col-33 elementor-top-column elementor-element elementor-element-c14b14a\" data-id=\"c14b14a\" data-element_type=\"column\">\n\t\t\t<div class=\"elementor-widget-wrap elementor-element-populated\">\n\t\t\t\t\t\t<div class=\"elementor-element elementor-element-49786f2 elementor-position-left elementor-view-default elementor-mobile-position-top elementor-widget elementor-widget-icon-box\" data-id=\"49786f2\" data-element_type=\"widget\" data-widget_type=\"icon-box.default\">\n\t\t\t\t<div class=\"elementor-widget-container\">\n\t\t\t\t\t\t\t<div class=\"elementor-icon-box-wrapper\">\n\n\t\t\t\t\t\t<div class=\"elementor-icon-box-icon\">\n\t\t\t\t<span  class=\"elementor-icon\">\n\t\t\t\t<svg xmlns=\"http:\/\/www.w3.org\/2000\/svg\" id=\"uuid-4125297a-4d41-4da1-975f-6199f9e186a7\" data-name=\"Capa 1\" width=\"86.8\" height=\"84.8\" viewbox=\"0 0 86.8 84.8\"><defs><style>      .uuid-c02a3663-cb70-4983-ac3c-db124a94c924 {        fill: #e8b06b;      }    <\/style><\/defs><path class=\"uuid-c02a3663-cb70-4983-ac3c-db124a94c924\" d=\"m67.5,55.9c0,10.6-8.2,20.3-26,20.3s-17.9-2.4-24-6.7l5.7-11.1c4.8,3.6,11.4,5.7,18,5.7s11.8-3,11.8-8.1-3.5-7.7-11.8-7.7h-6.6v-9.6l12.9-14.6h-26.8v-11.7h44v9.4l-14.2,16.2c11.3,1.8,17.1,8.8,17.1,18.1Z\"><\/path><\/svg>\t\t\t\t<\/span>\n\t\t\t<\/div>\n\t\t\t\n\t\t\t\t\t\t<div class=\"elementor-icon-box-content\">\n\n\t\t\t\t\t\t\t\t\t<h3 class=\"elementor-icon-box-title\">\n\t\t\t\t\t\t<span  >\n\t\t\t\t\t\t\tsignatura del<br>contracte\t\t\t\t\t\t<\/span>\n\t\t\t\t\t<\/h3>\n\t\t\t\t\n\t\t\t\t\n\t\t\t<\/div>\n\t\t\t\n\t\t<\/div>\n\t\t\t\t\t\t<\/div>\n\t\t\t\t<\/div>\n\t\t\t\t<div class=\"elementor-element elementor-element-1890dd0 elementor-widget elementor-widget-text-editor\" data-id=\"1890dd0\" data-element_type=\"widget\" data-widget_type=\"text-editor.default\">\n\t\t\t\t<div class=\"elementor-widget-container\">\n\t\t\t\t\t\t\t\t\t<p>Un cop trobat el local adequat signarem el contracte de franqu\u00edcia amb el qual comen\u00e7ar\u00e0s a gaudir dels nostres serveis.<\/p>\t\t\t\t\t\t\t\t<\/div>\n\t\t\t\t<\/div>\n\t\t\t\t\t<\/div>\n\t\t<\/div>\n\t\t\t\t\t<\/div>\n\t\t<\/section>\n\t\t\t\t<section class=\"elementor-section elementor-top-section elementor-element elementor-element-5c07d6d animated-slow elementor-section-boxed elementor-section-height-default elementor-section-height-default elementor-invisible\" data-id=\"5c07d6d\" data-element_type=\"section\" data-settings=\"{&quot;animation&quot;:&quot;fadeIn&quot;}\">\n\t\t\t\t\t\t<div class=\"elementor-container elementor-column-gap-default\">\n\t\t\t\t\t<div class=\"elementor-column elementor-col-33 elementor-top-column elementor-element elementor-element-4f657e2\" data-id=\"4f657e2\" data-element_type=\"column\">\n\t\t\t<div class=\"elementor-widget-wrap elementor-element-populated\">\n\t\t\t\t\t\t<div class=\"elementor-element elementor-element-836c0d6 elementor-position-left elementor-view-default elementor-mobile-position-top elementor-widget elementor-widget-icon-box\" data-id=\"836c0d6\" data-element_type=\"widget\" data-widget_type=\"icon-box.default\">\n\t\t\t\t<div class=\"elementor-widget-container\">\n\t\t\t\t\t\t\t<div class=\"elementor-icon-box-wrapper\">\n\n\t\t\t\t\t\t<div class=\"elementor-icon-box-icon\">\n\t\t\t\t<span  class=\"elementor-icon\">\n\t\t\t\t<svg xmlns=\"http:\/\/www.w3.org\/2000\/svg\" id=\"uuid-cde1b9f4-538f-41b1-bae3-b4c7cf239733\" data-name=\"Capa 1\" width=\"86.8\" height=\"84.8\" viewbox=\"0 0 86.8 84.8\"><defs><style>      .uuid-7b5a6560-e248-42fa-ae3d-ad5959d50bd5 {        fill: #e8b06b;      }    <\/style><\/defs><path class=\"uuid-7b5a6560-e248-42fa-ae3d-ad5959d50bd5\" d=\"m72.6,61.6h-10.2v13.2h-14.2v-13.2H14.3v-9.8L43.9,11.9h15.3l-27.5,37.8h16.9v-11.8h13.7v11.8h10.2v11.9Z\"><\/path><\/svg>\t\t\t\t<\/span>\n\t\t\t<\/div>\n\t\t\t\n\t\t\t\t\t\t<div class=\"elementor-icon-box-content\">\n\n\t\t\t\t\t\t\t\t\t<h3 class=\"elementor-icon-box-title\">\n\t\t\t\t\t\t<span  >\n\t\t\t\t\t\t\tSelecci\u00f3 del <br>personal\t\t\t\t\t\t<\/span>\n\t\t\t\t\t<\/h3>\n\t\t\t\t\n\t\t\t\t\n\t\t\t<\/div>\n\t\t\t\n\t\t<\/div>\n\t\t\t\t\t\t<\/div>\n\t\t\t\t<\/div>\n\t\t\t\t<div class=\"elementor-element elementor-element-4656cb1 elementor-widget elementor-widget-text-editor\" data-id=\"4656cb1\" data-element_type=\"widget\" data-widget_type=\"text-editor.default\">\n\t\t\t\t<div class=\"elementor-widget-container\">\n\t\t\t\t\t\t\t\t\tSignat el contracte iniciarem la\ncontractaci\u00f3 de personal per al teu\nestabliment. Amb el nostre suport\ntrobar\u00e0s els perfils adequats.\t\t\t\t\t\t\t\t<\/div>\n\t\t\t\t<\/div>\n\t\t\t\t\t<\/div>\n\t\t<\/div>\n\t\t\t\t<div class=\"elementor-column elementor-col-33 elementor-top-column elementor-element elementor-element-14de263\" data-id=\"14de263\" data-element_type=\"column\">\n\t\t\t<div class=\"elementor-widget-wrap elementor-element-populated\">\n\t\t\t\t\t\t<div class=\"elementor-element elementor-element-6d10382 elementor-position-left elementor-view-default elementor-mobile-position-top elementor-widget elementor-widget-icon-box\" data-id=\"6d10382\" data-element_type=\"widget\" data-widget_type=\"icon-box.default\">\n\t\t\t\t<div class=\"elementor-widget-container\">\n\t\t\t\t\t\t\t<div class=\"elementor-icon-box-wrapper\">\n\n\t\t\t\t\t\t<div class=\"elementor-icon-box-icon\">\n\t\t\t\t<span  class=\"elementor-icon\">\n\t\t\t\t<svg xmlns=\"http:\/\/www.w3.org\/2000\/svg\" id=\"uuid-f907790a-5606-40bc-bc34-059ace9c65d3\" data-name=\"Capa 1\" width=\"86.8\" height=\"84.8\" viewbox=\"0 0 86.8 84.8\"><defs><style>      .uuid-1da53f1d-ba6c-4b81-9ae2-ad1c9fcbc1e1 {        fill: #e8b06b;      }    <\/style><\/defs><path class=\"uuid-1da53f1d-ba6c-4b81-9ae2-ad1c9fcbc1e1\" d=\"m67.4,54.4c0,11.1-8.2,20.8-26.1,20.8s-17.9-2.4-24-6.7l5.7-11.1c4.8,3.6,11.3,5.7,17.9,5.7s11.8-3.1,11.8-8.2-3.2-8.2-14.6-8.2h-16.1l3.2-35.4h38.4v11.7h-26.2l-1,11.9h5.1c18.6,0,26,8.4,26,19.5Z\"><\/path><\/svg>\t\t\t\t<\/span>\n\t\t\t<\/div>\n\t\t\t\n\t\t\t\t\t\t<div class=\"elementor-icon-box-content\">\n\n\t\t\t\t\t\t\t\t\t<h3 class=\"elementor-icon-box-title\">\n\t\t\t\t\t\t<span  >\n\t\t\t\t\t\t\tSelecci\u00f3<br>del local\t\t\t\t\t\t<\/span>\n\t\t\t\t\t<\/h3>\n\t\t\t\t\n\t\t\t\t\n\t\t\t<\/div>\n\t\t\t\n\t\t<\/div>\n\t\t\t\t\t\t<\/div>\n\t\t\t\t<\/div>\n\t\t\t\t<div class=\"elementor-element elementor-element-f952d5f elementor-widget elementor-widget-text-editor\" data-id=\"f952d5f\" data-element_type=\"widget\" data-widget_type=\"text-editor.default\">\n\t\t\t\t<div class=\"elementor-widget-container\">\n\t\t\t\t\t\t\t\t\t<p>Alhora, iniciarem l'adequaci\u00f3 del local al projecte facilitat per La Vedette perqu\u00e8 quedi perfectament acabat segons el retroplanning d'obertura.<\/p>\t\t\t\t\t\t\t\t<\/div>\n\t\t\t\t<\/div>\n\t\t\t\t\t<\/div>\n\t\t<\/div>\n\t\t\t\t<div class=\"elementor-column elementor-col-33 elementor-top-column elementor-element elementor-element-0d42700\" data-id=\"0d42700\" data-element_type=\"column\">\n\t\t\t<div class=\"elementor-widget-wrap elementor-element-populated\">\n\t\t\t\t\t\t<div class=\"elementor-element elementor-element-152bbc1 elementor-position-left elementor-view-default elementor-mobile-position-top elementor-widget elementor-widget-icon-box\" data-id=\"152bbc1\" data-element_type=\"widget\" data-widget_type=\"icon-box.default\">\n\t\t\t\t<div class=\"elementor-widget-container\">\n\t\t\t\t\t\t\t<div class=\"elementor-icon-box-wrapper\">\n\n\t\t\t\t\t\t<div class=\"elementor-icon-box-icon\">\n\t\t\t\t<span  class=\"elementor-icon\">\n\t\t\t\t<svg xmlns=\"http:\/\/www.w3.org\/2000\/svg\" id=\"uuid-120ff2a3-8937-4ee6-aa44-4d17241ecb53\" data-name=\"Capa 1\" width=\"86.8\" height=\"84.8\" viewbox=\"0 0 86.8 84.8\"><defs><style>      .uuid-17f53468-44af-4eaf-8993-a46a5c192c39 {        fill: #e8b06b;      }    <\/style><\/defs><path class=\"uuid-17f53468-44af-4eaf-8993-a46a5c192c39\" d=\"m67.9,53.6c0,12.8-10.5,20.9-23.8,20.9s-28.1-10.9-28.1-31.2S29.1,9.5,48,9.5s13.1,1.5,17.5,4.3l-5.4,10.7c-3.5-2.3-7.5-3.1-11.8-3.1-10.5,0-17.2,6.2-17.7,18.2,3.7-3.7,9-5.6,15.5-5.6,12.1,0,21.6,7.7,21.6,19.6Zm-14.1.7c0-5.7-4.2-9.4-10.7-9.4s-10.9,4-10.9,9.4,4,9.3,11,9.3,10.5-3.6,10.5-9.3Z\"><\/path><\/svg>\t\t\t\t<\/span>\n\t\t\t<\/div>\n\t\t\t\n\t\t\t\t\t\t<div class=\"elementor-icon-box-content\">\n\n\t\t\t\t\t\t\t\t\t<h3 class=\"elementor-icon-box-title\">\n\t\t\t\t\t\t<span  >\n\t\t\t\t\t\t\tFormaci\u00f3 <br>i obertura\t\t\t\t\t\t<\/span>\n\t\t\t\t\t<\/h3>\n\t\t\t\t\n\t\t\t\t\n\t\t\t<\/div>\n\t\t\t\n\t\t<\/div>\n\t\t\t\t\t\t<\/div>\n\t\t\t\t<\/div>\n\t\t\t\t<div class=\"elementor-element elementor-element-0580170 elementor-widget elementor-widget-text-editor\" data-id=\"0580170\" data-element_type=\"widget\" data-widget_type=\"text-editor.default\">\n\t\t\t\t<div class=\"elementor-widget-container\">\n\t\t\t\t\t\t\t\t\tFinalment formarem l'equip gestor a les instal\u00b7lacions de la central i a les del mateix franquiciat fins que tot estigui preparat per a la inauguraci\u00f3.\t\t\t\t\t\t\t\t<\/div>\n\t\t\t\t<\/div>\n\t\t\t\t\t<\/div>\n\t\t<\/div>\n\t\t\t\t\t<\/div>\n\t\t<\/section>\n\t\t\t\t<\/div>","protected":false},"excerpt":{"rendered":"<p>LAVEDETTE VENTAJAS DEL PROYECTO DE NEGOCIO FRANQUICIA DE LA VEDETTE Restaurante f\u00e1cil de gestionar R\u00e1pida recuperaci\u00f3n de la inversi\u00f3n Apoyo y formaci\u00f3n permanente por parte de la marca Es un concepto \u00fanico en restauraci\u00f3n Producto de m\u00e1xima calidad al mejor precio Proveedores de calidad y confianza Gran combinaci\u00f3n entre restauraci\u00f3n tradicional y modelo de franquicia [&hellip;]<\/p>","protected":false},"author":1,"featured_media":0,"parent":0,"menu_order":0,"comment_status":"closed","ping_status":"closed","template":"","meta":{"footnotes":""},"class_list":["post-35","page","type-page","status-publish","hentry"],"_links":{"self":[{"href":"https:\/\/www.lavedettefranquicia.com\/ca\/wp-json\/wp\/v2\/pages\/35","targetHints":{"allow":["GET"]}}],"collection":[{"href":"https:\/\/www.lavedettefranquicia.com\/ca\/wp-json\/wp\/v2\/pages"}],"about":[{"href":"https:\/\/www.lavedettefranquicia.com\/ca\/wp-json\/wp\/v2\/types\/page"}],"author":[{"embeddable":true,"href":"https:\/\/www.lavedettefranquicia.com\/ca\/wp-json\/wp\/v2\/users\/1"}],"replies":[{"embeddable":true,"href":"https:\/\/www.lavedettefranquicia.com\/ca\/wp-json\/wp\/v2\/comments?post=35"}],"version-history":[{"count":99,"href":"https:\/\/www.lavedettefranquicia.com\/ca\/wp-json\/wp\/v2\/pages\/35\/revisions"}],"predecessor-version":[{"id":14116,"href":"https:\/\/www.lavedettefranquicia.com\/ca\/wp-json\/wp\/v2\/pages\/35\/revisions\/14116"}],"wp:attachment":[{"href":"https:\/\/www.lavedettefranquicia.com\/ca\/wp-json\/wp\/v2\/media?parent=35"}],"curies":[{"name":"wp","href":"https:\/\/api.w.org\/{rel}","templated":true}]}}